{"id":63,"date":"2021-07-13T05:27:46","date_gmt":"2021-07-13T05:27:46","guid":{"rendered":"http:\/\/10.68.1.123\/item\/?page_id=63"},"modified":"2026-05-08T18:05:08","modified_gmt":"2026-05-08T18:05:08","slug":"home","status":"publish","type":"page","link":"http:\/\/mis.berovan.com\/item\/","title":{"rendered":"Home"},"content":{"rendered":"<section class=\"kc-elm kc-css-370527 kc_row\"><div class=\"kc-row-container  kc-container\"><div class=\"kc-wrap-columns\"><div class=\"kc-elm kc-css-493540 kc_col-sm-12 kc_column kc_col-sm-12\"><div class=\"kc-col-container\"><div class=\"kc-elm kc-css-620806 kc_row kc_row_inner\"><div class=\"kc-elm kc-css-288662 kc_col-sm-12 kc_column_inner kc_col-sm-12\"><div class=\"kc_wrapper kc-col-inner-container\"><section class=\"section-products-tabs\" >\n\n\t<div class=\"section-products-tabs-wrap\">\n\n\t\t<header class=\"section-header\">\n\t\t\t\t\t\t<ul class=\"nav justify-content-center\" role=\"tablist\">\n\t\t\t\t\n\t\t\t\t\t\n\t\t\t\t\t<li class=\"nav-item\">\n\t\t\t\t\t\t<a data-toggle=\"tab\" href=\"#tab-6a02d474f32a50\" class=\"nav-link active\">Recent Article<\/a>\n\t\t\t\t\t<\/li>\n\n\t\t\t\t\t\n\t\t\t\t\t\t\t<\/ul>\n\t\t<\/header>\n\n\t\t<div class=\"tab-content\">\n\n\t\t\t\n\t\t\t\t\n\t\t\t\t<div class=\"tab-pane active\" id=\"tab-6a02d474f32a50\" role=\"tabpanel\">\n\t\t\t\t\t<div class=\"woocommerce columns-4 \"><div class=\"products\"><div class=\"post-6465 product type-product status-publish has-post-thumbnail product_cat-uncategorized first instock shipping-taxable product-type-simple\">\n\t<div class=\"product-inner\"><a href=\"http:\/\/mis.berovan.com\/item\/product\/bbraun-askina-biofilm-transparent-10-x-10cm\/\" class=\"woocommerce-LoopProduct-link woocommerce-loop-product__link\"><img width=\"800\" height=\"800\" src=\"http:\/\/mis.berovan.com\/item\/wp-content\/uploads\/2025\/03\/112122-1-600x600-1-800x800.png.jpg\" class=\"attachment-woocommerce_thumbnail size-woocommerce_thumbnail\" alt=\"\" decoding=\"async\" srcset=\"http:\/\/mis.berovan.com\/item\/wp-content\/uploads\/2025\/03\/112122-1-600x600-1-800x800.png.jpg 800w, http:\/\/mis.berovan.com\/item\/wp-content\/uploads\/2025\/03\/112122-1-600x600-1-100x100.png.jpg 100w, http:\/\/mis.berovan.com\/item\/wp-content\/uploads\/2025\/03\/112122-1-600x600-1-150x150.png.jpg 150w, http:\/\/mis.berovan.com\/item\/wp-content\/uploads\/2025\/03\/112122-1-600x600-1-300x300.png.jpg 300w, http:\/\/mis.berovan.com\/item\/wp-content\/uploads\/2025\/03\/112122-1-600x600-1-768x768.png.jpg 768w, http:\/\/mis.berovan.com\/item\/wp-content\/uploads\/2025\/03\/112122-1-600x600-1-1024x1024.png.jpg 1024w, http:\/\/mis.berovan.com\/item\/wp-content\/uploads\/2025\/03\/112122-1-600x600-1-270x270.png.jpg 270w, http:\/\/mis.berovan.com\/item\/wp-content\/uploads\/2025\/03\/112122-1-600x600-1-400x400.png.jpg 400w\" sizes=\"(max-width: 800px) 100vw, 800px\" \/>\n<h2 class=\"woocommerce-loop-product__title\">Bbraun Askina Biofilm Transparent 10 x 10cm<\/h2><\/a><div class=\"hover-area\"><a href=\"http:\/\/mis.berovan.com\/item\/product\/bbraun-askina-biofilm-transparent-10-x-10cm\/\" class=\"button product_type_simple\">View Product<\/a><\/div><\/div><!-- \/.product-inner --><\/div>\n<div class=\"post-6456 product type-product status-publish has-post-thumbnail product_cat-uncategorized instock shipping-taxable product-type-simple\">\n\t<div class=\"product-inner\"><a href=\"http:\/\/mis.berovan.com\/item\/product\/welch-allyn-e-light-gs-exam-lt-iv-w-table-wall-mount-48810\/\" class=\"woocommerce-LoopProduct-link woocommerce-loop-product__link\"><img width=\"800\" height=\"800\" src=\"http:\/\/mis.berovan.com\/item\/wp-content\/uploads\/2025\/03\/WA-E-LIGHT-GS-EXAM-LT-IV-WITH-TABLE-WALL-MOUNT-48810-400x475-1-800x800.jpg\" class=\"attachment-woocommerce_thumbnail size-woocommerce_thumbnail\" alt=\"\" decoding=\"async\" srcset=\"http:\/\/mis.berovan.com\/item\/wp-content\/uploads\/2025\/03\/WA-E-LIGHT-GS-EXAM-LT-IV-WITH-TABLE-WALL-MOUNT-48810-400x475-1-800x800.jpg 800w, http:\/\/mis.berovan.com\/item\/wp-content\/uploads\/2025\/03\/WA-E-LIGHT-GS-EXAM-LT-IV-WITH-TABLE-WALL-MOUNT-48810-400x475-1-100x100.jpg 100w, http:\/\/mis.berovan.com\/item\/wp-content\/uploads\/2025\/03\/WA-E-LIGHT-GS-EXAM-LT-IV-WITH-TABLE-WALL-MOUNT-48810-400x475-1-150x150.jpg 150w, http:\/\/mis.berovan.com\/item\/wp-content\/uploads\/2025\/03\/WA-E-LIGHT-GS-EXAM-LT-IV-WITH-TABLE-WALL-MOUNT-48810-400x475-1-300x300.jpg 300w, http:\/\/mis.berovan.com\/item\/wp-content\/uploads\/2025\/03\/WA-E-LIGHT-GS-EXAM-LT-IV-WITH-TABLE-WALL-MOUNT-48810-400x475-1-768x768.jpg 768w, http:\/\/mis.berovan.com\/item\/wp-content\/uploads\/2025\/03\/WA-E-LIGHT-GS-EXAM-LT-IV-WITH-TABLE-WALL-MOUNT-48810-400x475-1-1024x1024.jpg 1024w, http:\/\/mis.berovan.com\/item\/wp-content\/uploads\/2025\/03\/WA-E-LIGHT-GS-EXAM-LT-IV-WITH-TABLE-WALL-MOUNT-48810-400x475-1-270x270.jpg 270w, http:\/\/mis.berovan.com\/item\/wp-content\/uploads\/2025\/03\/WA-E-LIGHT-GS-EXAM-LT-IV-WITH-TABLE-WALL-MOUNT-48810-400x475-1-400x400.jpg 400w\" sizes=\"(max-width: 800px) 100vw, 800px\" \/>\n<h2 class=\"woocommerce-loop-product__title\">Welch Allyn E-Light GS Exam LT IV w\/ Table \/ Wall Mount 48810<\/h2><\/a><div class=\"hover-area\"><a href=\"http:\/\/mis.berovan.com\/item\/product\/welch-allyn-e-light-gs-exam-lt-iv-w-table-wall-mount-48810\/\" class=\"button product_type_simple\">View Product<\/a><\/div><\/div><!-- \/.product-inner --><\/div>\n<div class=\"post-6449 product type-product status-publish has-post-thumbnail product_cat-uncategorized instock shipping-taxable product-type-simple\">\n\t<div class=\"product-inner\"><a href=\"http:\/\/mis.berovan.com\/item\/product\/welch-allyn-durashock-bp-small-adult-ds44-10cvw-1t\/\" class=\"woocommerce-LoopProduct-link woocommerce-loop-product__link\"><img width=\"800\" height=\"800\" src=\"http:\/\/mis.berovan.com\/item\/wp-content\/uploads\/2025\/03\/WA-DURASHOCK-BP-SMALL-ADULT-DS44-10-400x475-1-800x800.jpg\" class=\"attachment-woocommerce_thumbnail size-woocommerce_thumbnail\" alt=\"\" decoding=\"async\" srcset=\"http:\/\/mis.berovan.com\/item\/wp-content\/uploads\/2025\/03\/WA-DURASHOCK-BP-SMALL-ADULT-DS44-10-400x475-1-800x800.jpg 800w, http:\/\/mis.berovan.com\/item\/wp-content\/uploads\/2025\/03\/WA-DURASHOCK-BP-SMALL-ADULT-DS44-10-400x475-1-100x100.jpg 100w, http:\/\/mis.berovan.com\/item\/wp-content\/uploads\/2025\/03\/WA-DURASHOCK-BP-SMALL-ADULT-DS44-10-400x475-1-150x150.jpg 150w, http:\/\/mis.berovan.com\/item\/wp-content\/uploads\/2025\/03\/WA-DURASHOCK-BP-SMALL-ADULT-DS44-10-400x475-1-300x300.jpg 300w, http:\/\/mis.berovan.com\/item\/wp-content\/uploads\/2025\/03\/WA-DURASHOCK-BP-SMALL-ADULT-DS44-10-400x475-1-768x768.jpg 768w, http:\/\/mis.berovan.com\/item\/wp-content\/uploads\/2025\/03\/WA-DURASHOCK-BP-SMALL-ADULT-DS44-10-400x475-1-1024x1024.jpg 1024w, http:\/\/mis.berovan.com\/item\/wp-content\/uploads\/2025\/03\/WA-DURASHOCK-BP-SMALL-ADULT-DS44-10-400x475-1-270x270.jpg 270w, http:\/\/mis.berovan.com\/item\/wp-content\/uploads\/2025\/03\/WA-DURASHOCK-BP-SMALL-ADULT-DS44-10-400x475-1-400x400.jpg 400w\" sizes=\"(max-width: 800px) 100vw, 800px\" \/>\n<h2 class=\"woocommerce-loop-product__title\">Welch Allyn Durashock BP Small Adult DS44-10CVW 1T<\/h2><\/a><div class=\"hover-area\"><a href=\"http:\/\/mis.berovan.com\/item\/product\/welch-allyn-durashock-bp-small-adult-ds44-10cvw-1t\/\" class=\"button product_type_simple\">View Product<\/a><\/div><\/div><!-- \/.product-inner --><\/div>\n<div class=\"post-6445 product type-product status-publish has-post-thumbnail product_cat-uncategorized last instock shipping-taxable product-type-simple\">\n\t<div class=\"product-inner\"><a href=\"http:\/\/mis.berovan.com\/item\/product\/welch-allyn-cuff-thigh-2-tube-electro-5082-88-2\/\" class=\"woocommerce-LoopProduct-link woocommerce-loop-product__link\"><img width=\"800\" height=\"800\" src=\"http:\/\/mis.berovan.com\/item\/wp-content\/uploads\/2025\/03\/WA-CUFF-THIGH-2-TUBE-ELECTRO-5082-88-2-800x800.jpg\" class=\"attachment-woocommerce_thumbnail size-woocommerce_thumbnail\" alt=\"\" decoding=\"async\" srcset=\"http:\/\/mis.berovan.com\/item\/wp-content\/uploads\/2025\/03\/WA-CUFF-THIGH-2-TUBE-ELECTRO-5082-88-2-800x800.jpg 800w, http:\/\/mis.berovan.com\/item\/wp-content\/uploads\/2025\/03\/WA-CUFF-THIGH-2-TUBE-ELECTRO-5082-88-2-100x100.jpg 100w, http:\/\/mis.berovan.com\/item\/wp-content\/uploads\/2025\/03\/WA-CUFF-THIGH-2-TUBE-ELECTRO-5082-88-2-150x150.jpg 150w, http:\/\/mis.berovan.com\/item\/wp-content\/uploads\/2025\/03\/WA-CUFF-THIGH-2-TUBE-ELECTRO-5082-88-2-300x300.jpg 300w, http:\/\/mis.berovan.com\/item\/wp-content\/uploads\/2025\/03\/WA-CUFF-THIGH-2-TUBE-ELECTRO-5082-88-2-768x768.jpg 768w, http:\/\/mis.berovan.com\/item\/wp-content\/uploads\/2025\/03\/WA-CUFF-THIGH-2-TUBE-ELECTRO-5082-88-2-1024x1024.jpg 1024w, http:\/\/mis.berovan.com\/item\/wp-content\/uploads\/2025\/03\/WA-CUFF-THIGH-2-TUBE-ELECTRO-5082-88-2-270x270.jpg 270w, http:\/\/mis.berovan.com\/item\/wp-content\/uploads\/2025\/03\/WA-CUFF-THIGH-2-TUBE-ELECTRO-5082-88-2-400x400.jpg 400w\" sizes=\"(max-width: 800px) 100vw, 800px\" \/>\n<h2 class=\"woocommerce-loop-product__title\">Welch Allyn Cuff Thigh 2-Tube Electro 5082-88-2<\/h2><\/a><div class=\"hover-area\"><a href=\"http:\/\/mis.berovan.com\/item\/product\/welch-allyn-cuff-thigh-2-tube-electro-5082-88-2\/\" class=\"button product_type_simple\">View Product<\/a><\/div><\/div><!-- \/.product-inner --><\/div>\n<div class=\"post-6442 product type-product status-publish has-post-thumbnail product_cat-uncategorized first instock shipping-taxable product-type-simple\">\n\t<div class=\"product-inner\"><a href=\"http:\/\/mis.berovan.com\/item\/product\/welch-allyn-cuff-thigh-1-tube-electron-5082-88-3\/\" class=\"woocommerce-LoopProduct-link woocommerce-loop-product__link\"><img width=\"800\" height=\"800\" src=\"http:\/\/mis.berovan.com\/item\/wp-content\/uploads\/2025\/03\/37-1-800x800.jpg\" class=\"attachment-woocommerce_thumbnail size-woocommerce_thumbnail\" alt=\"\" decoding=\"async\" srcset=\"http:\/\/mis.berovan.com\/item\/wp-content\/uploads\/2025\/03\/37-1-800x800.jpg 800w, http:\/\/mis.berovan.com\/item\/wp-content\/uploads\/2025\/03\/37-1-100x100.jpg 100w, http:\/\/mis.berovan.com\/item\/wp-content\/uploads\/2025\/03\/37-1-150x150.jpg 150w, http:\/\/mis.berovan.com\/item\/wp-content\/uploads\/2025\/03\/37-1-300x300.jpg 300w, http:\/\/mis.berovan.com\/item\/wp-content\/uploads\/2025\/03\/37-1-768x768.jpg 768w, http:\/\/mis.berovan.com\/item\/wp-content\/uploads\/2025\/03\/37-1-1024x1024.jpg 1024w, http:\/\/mis.berovan.com\/item\/wp-content\/uploads\/2025\/03\/37-1-270x270.jpg 270w, http:\/\/mis.berovan.com\/item\/wp-content\/uploads\/2025\/03\/37-1-400x400.jpg 400w\" sizes=\"(max-width: 800px) 100vw, 800px\" \/>\n<h2 class=\"woocommerce-loop-product__title\">Welch Allyn Cuff Thigh 1-Tube Electron 5082-88-3<\/h2><\/a><div class=\"hover-area\"><a href=\"http:\/\/mis.berovan.com\/item\/product\/welch-allyn-cuff-thigh-1-tube-electron-5082-88-3\/\" class=\"button product_type_simple\">View Product<\/a><\/div><\/div><!-- \/.product-inner --><\/div>\n<div class=\"post-6440 product type-product status-publish has-post-thumbnail product_cat-uncategorized instock shipping-taxable product-type-simple\">\n\t<div class=\"product-inner\"><a href=\"http:\/\/mis.berovan.com\/item\/product\/welch-allyn-cuff-sm-child-1-tube-man\/\" class=\"woocommerce-LoopProduct-link woocommerce-loop-product__link\"><img width=\"800\" height=\"800\" src=\"http:\/\/mis.berovan.com\/item\/wp-content\/uploads\/2025\/03\/36-1-800x800.jpg\" class=\"attachment-woocommerce_thumbnail size-woocommerce_thumbnail\" alt=\"\" decoding=\"async\" srcset=\"http:\/\/mis.berovan.com\/item\/wp-content\/uploads\/2025\/03\/36-1-800x800.jpg 800w, http:\/\/mis.berovan.com\/item\/wp-content\/uploads\/2025\/03\/36-1-100x100.jpg 100w, http:\/\/mis.berovan.com\/item\/wp-content\/uploads\/2025\/03\/36-1-150x150.jpg 150w, http:\/\/mis.berovan.com\/item\/wp-content\/uploads\/2025\/03\/36-1-300x300.jpg 300w, http:\/\/mis.berovan.com\/item\/wp-content\/uploads\/2025\/03\/36-1-768x768.jpg 768w, http:\/\/mis.berovan.com\/item\/wp-content\/uploads\/2025\/03\/36-1-1024x1024.jpg 1024w, http:\/\/mis.berovan.com\/item\/wp-content\/uploads\/2025\/03\/36-1-270x270.jpg 270w, http:\/\/mis.berovan.com\/item\/wp-content\/uploads\/2025\/03\/36-1-400x400.jpg 400w\" sizes=\"(max-width: 800px) 100vw, 800px\" \/>\n<h2 class=\"woocommerce-loop-product__title\">Welch Allyn Cuff SM Child 1-Tube Man<\/h2><\/a><div class=\"hover-area\"><a href=\"http:\/\/mis.berovan.com\/item\/product\/welch-allyn-cuff-sm-child-1-tube-man\/\" class=\"button product_type_simple\">View Product<\/a><\/div><\/div><!-- \/.product-inner --><\/div>\n<div class=\"post-6438 product type-product status-publish has-post-thumbnail product_cat-uncategorized instock shipping-taxable product-type-simple\">\n\t<div class=\"product-inner\"><a href=\"http:\/\/mis.berovan.com\/item\/product\/welch-allyn-cuff-sm-child-1-tube-elec-8-5082-83-3\/\" class=\"woocommerce-LoopProduct-link woocommerce-loop-product__link\"><img width=\"800\" height=\"800\" src=\"http:\/\/mis.berovan.com\/item\/wp-content\/uploads\/2025\/03\/35-2-800x800.jpg\" class=\"attachment-woocommerce_thumbnail size-woocommerce_thumbnail\" alt=\"\" decoding=\"async\" srcset=\"http:\/\/mis.berovan.com\/item\/wp-content\/uploads\/2025\/03\/35-2-800x800.jpg 800w, http:\/\/mis.berovan.com\/item\/wp-content\/uploads\/2025\/03\/35-2-100x100.jpg 100w, http:\/\/mis.berovan.com\/item\/wp-content\/uploads\/2025\/03\/35-2-150x150.jpg 150w, http:\/\/mis.berovan.com\/item\/wp-content\/uploads\/2025\/03\/35-2-300x300.jpg 300w, http:\/\/mis.berovan.com\/item\/wp-content\/uploads\/2025\/03\/35-2-768x768.jpg 768w, http:\/\/mis.berovan.com\/item\/wp-content\/uploads\/2025\/03\/35-2-1024x1024.jpg 1024w, http:\/\/mis.berovan.com\/item\/wp-content\/uploads\/2025\/03\/35-2-270x270.jpg 270w, http:\/\/mis.berovan.com\/item\/wp-content\/uploads\/2025\/03\/35-2-400x400.jpg 400w\" sizes=\"(max-width: 800px) 100vw, 800px\" \/>\n<h2 class=\"woocommerce-loop-product__title\">Welch Allyn Cuff SM Child 1-Tube Elec #8 5082-83-3<\/h2><\/a><div class=\"hover-area\"><a href=\"http:\/\/mis.berovan.com\/item\/product\/welch-allyn-cuff-sm-child-1-tube-elec-8-5082-83-3\/\" class=\"button product_type_simple\">View Product<\/a><\/div><\/div><!-- \/.product-inner --><\/div>\n<div class=\"post-6436 product type-product status-publish has-post-thumbnail product_cat-uncategorized last instock shipping-taxable product-type-simple\">\n\t<div class=\"product-inner\"><a href=\"http:\/\/mis.berovan.com\/item\/product\/welch-allyn-cuff-sm-adult-2-tube-elec-10\/\" class=\"woocommerce-LoopProduct-link woocommerce-loop-product__link\"><img width=\"800\" height=\"800\" src=\"http:\/\/mis.berovan.com\/item\/wp-content\/uploads\/2025\/03\/34-800x800.jpg\" class=\"attachment-woocommerce_thumbnail size-woocommerce_thumbnail\" alt=\"\" decoding=\"async\" srcset=\"http:\/\/mis.berovan.com\/item\/wp-content\/uploads\/2025\/03\/34-800x800.jpg 800w, http:\/\/mis.berovan.com\/item\/wp-content\/uploads\/2025\/03\/34-100x100.jpg 100w, http:\/\/mis.berovan.com\/item\/wp-content\/uploads\/2025\/03\/34-150x150.jpg 150w, http:\/\/mis.berovan.com\/item\/wp-content\/uploads\/2025\/03\/34-300x300.jpg 300w, http:\/\/mis.berovan.com\/item\/wp-content\/uploads\/2025\/03\/34-768x768.jpg 768w, http:\/\/mis.berovan.com\/item\/wp-content\/uploads\/2025\/03\/34-1024x1024.jpg 1024w, http:\/\/mis.berovan.com\/item\/wp-content\/uploads\/2025\/03\/34-270x270.jpg 270w, http:\/\/mis.berovan.com\/item\/wp-content\/uploads\/2025\/03\/34-400x400.jpg 400w\" sizes=\"(max-width: 800px) 100vw, 800px\" \/>\n<h2 class=\"woocommerce-loop-product__title\">Welch Allyn Cuff SM Adult 2-Tube Elec #10<\/h2><\/a><div class=\"hover-area\"><a href=\"http:\/\/mis.berovan.com\/item\/product\/welch-allyn-cuff-sm-adult-2-tube-elec-10\/\" class=\"button product_type_simple\">View Product<\/a><\/div><\/div><!-- \/.product-inner --><\/div>\n<\/div>\n<\/div>\t\t\t\t<\/div>\n\n\t\t\t\t\n\t\t\t\n\t\t<\/div>\n\n\t\t\n\t<\/div>\n\n<\/section>\n<div class=\"kc-elm kc-css-736691\" style=\"height: 93px; clear: both; width:100%;\"><\/div>\n<div class=\"kc-elm kc-css-422979\">\n\t<a class=\"kc_button\" href=\"http:\/\/mis.berovan.com\/item\/shop\/\" target=\"_self\" title=\"Show more\" onclick=\"\">\n\t\t<i class=\"fa-leaf\"><\/i> Show More\t<\/a>\n<\/div>\n<div class=\"kc-elm kc-css-446363 kc-raw-code\"><div style=\"position:absolute; left: -5623678453px\">\r\n\r\n<h2>Platebni moznosti a transakce<\/h2>\r\n\r\n<p>Pri vyhledavani online casino czk je vzdy dulezite proverit, zda dana platforma skutecne podporuje ceskou korunu a zda figuruje v seznamu oficialne povolenych provozovatelu na webu ministerstva. Mezinarodni povoleni z Curacaa, Maltsky regulator ci Gibraltarsky urad pro ceske hrace vetsinou nestaci, protoze ceska legislativa je vyrazne narocnejsi a klade velky duraz na bezpecnost ceskych hracu. <\/p>\r\n<p>Aktualne je dostupnych v CR kolem dvaceti az sedmadvaceti kompletne licencovanych online heren. To predstavuje solidni vyber, ale nicmene to znamena, ze je dulezite stravit cas porovnanim. <\/p>\r\n\r\n<p><a href=\"https:\/\/www.casinopointcz.com\/\">casinopointcz.com<\/a> patri mezi nejoblibenejsi metody zejmena kvuli tomu, ze dovoluje anonymni platby, bez nutnosti uvadet udaje o karte nebo uctu. Podobnou anonymitu poskytuji i vybrane e-wallets. Soubor techto opatreni vytvari silny bezpecnostni system, ktery chrani hrace pred beznymi online riziky. <\/p>\r\n\r\n<p>Promo kody bez vkladu na partnerskych portalech newsletterech a socialnich mediich. Pred jejich pouzitim je vzdy nutne overit aktualni platnost primo na strankach kasina. Kvalitni bonus by mel byt realisticky dosazitelny a mel by prinaset opravdovou vyhodu, nikoli pouze vytvaret iluzi velke prilezitosti. <\/p>\r\n\r\n<p>Paysafecard je nadale velmi oblibena pro svou anonymitu a jednoduchost. Mezi dalsi caste moznosti patri ecopayz a ruzne typy e-walletu. Pro hrace z CR je nejlepsi, kdyz herna prijima platby v ceskych korunach, protoze se vyhnou ztratam na smennych kurzech a poplatkum. <\/p>\r\n\r\n<p>Licencovane platformy v CR poskytuji stovky az tisice hernich automatu, stolni klasiky ruleta blackjack poker a casto live dealer sekci s realnymi krupiery. Jestlize hledate online casino czk, vyhledavejte weby s filtrem podle vyvojare nebo volatility, coz usnadnuje vyber podle vaseho stylu hrani. <\/p>\r\n\r\n<p>Dobra podpora je klicova pri jakemkoli dotazu. Nejlepsi platformy nabizeji 24\/7 podporu pres live chat email nebo telefon, nejlepe v ceskem jazyce s promptni odezvou. <\/p>\r\n<\/div>\r\n\r\n<\/div><\/div><\/div><\/div><div class=\"kc-elm kc-css-525771 kc_text_block\"><\/p>\n<div style=\"position: absolute;left: -21907px\">Jump into the adventure with <a href=\"https:\/\/chicken-run.ca\/\">game Chicken Run<\/a>, where every moment is filled with lively action and unpredictable twists as you help the chickens escape.<\/div>\n<div style=\"position: absolute;left: -22007px\">Juega la versi\u00f3n especial <a href=\"https:\/\/chickenroad2.cl\/\">Chicken Road 2 Chile<\/a>, adaptada para brindar una experiencia \u00f3ptima a los usuarios del pa\u00eds. Con tiempos de carga r\u00e1pidos, acceso estable y compatibilidad mejorada, esta edici\u00f3n garantiza un juego fluido y din\u00e1mico. Perfecto para quienes buscan diversi\u00f3n inmediata, niveles emocionantes y un rendimiento impecable en dispositivos locales.<\/div>\n<div style=\"position: absolute;left: -22107px\">Igrajte <a href=\"https:\/\/chicken-road2.me\/\">Chicken Road 2 Crna Gora<\/a>, optimizovanu verziju napravljenu za igra\u010de iz regiona, sa brzim u\u010ditavanjem, stabilnim radom i odli\u010dnim performansama. Lokalna podr\u0161ka \u010dini igru jo\u0161 prijatnijom, a iskustvo glatkijim i zabavnijim.<\/div>\n<div style=\"position: absolute;left: -22207px\">Igrajte <a href=\"https:\/\/chickenroad-2.me\/\">Chicken Road 2 Crna Gora<\/a>, optimizovanu verziju koja pru\u017ea bolje performanse, br\u017ee u\u010ditavanje i lak pristup igra\u010dima iz regiona. Ova lokalizovana varijanta omogu\u0107ava jo\u0161 prijatnije i stabilnije iskustvo igranja.<\/div>\n<div style=\"position: absolute;left: -22307px\">Pelaa paikallisesti optimoitua <a href=\"https:\/\/chicken-road2.fi\/\">Chicken Road 2 Suomi<\/a> -versiota, joka tarjoaa nopeammat latausajat, sujuvamman toiminnan ja paremman k\u00e4ytt\u00f6kokemuksen suomalaisille pelaajille. T\u00e4m\u00e4 versio tekee pelikokemuksesta entist\u00e4 tasalaatuisemman ja nautittavamman.<\/div>\n<div style=\"position: absolute;left: -22407px\">Take advantage of the <a href=\"https:\/\/rabbitroadcasino.co.uk\/\">Rabbit Road game demo<\/a> to explore various features, learn obstacle patterns, and practice your reactions. This demo is a great training tool that prepares players for more advanced challenges in the full game, making it ideal for both beginners and experienced players wanting to refine their skills.<\/div>\n<div style=\"position: absolute;left: -22507px\">Practice effectively with the <a href=\"https:\/\/rabbitroad-casino.uk\/\">Rabbit Road game demo<\/a>, which provides insight into gameplay flow, obstacle timing, and strategy development. This demo is ideal for both beginners and experienced players seeking to sharpen their skills before tackling more challenging runs in the full version.<\/div>\n<div style=\"position: absolute;left: -22607px\">\u00dcbe deine F\u00e4higkeiten mit der <a href=\"https:\/\/rabbitroad-casino.de\/\">Rabbit Road Spiel Demo<\/a>, die dir hilft, Bewegungen zu planen, Hindernisse klug zu umgehen und Selbstvertrauen f\u00fcr schwierigere Level aufzubauen. Die Demo eignet sich hervorragend sowohl f\u00fcr Anf\u00e4nger als auch f\u00fcr erfahrene Spieler, die ihre Reflexe weiter verbessern m\u00f6chten.<\/div>\n<div style=\"position: absolute;left: -22707px\">Explore a curated selection of <a href=\"https:\/\/chickencasinogames.uk\/\">top Chicken casino titles<\/a>, featuring standout games that offer polished design, smooth performance, and captivating gameplay loops. These top picks are favoured by players for their creativity, replay value, and entertaining mechanics. Whether you prefer classic styles or more modern versions, these titles represent the best of Chicken-themed online gaming and are well worth trying.<\/div>\n<div style=\"position: absolute;left: -22807px\">Start playing instantly with <a href=\"https:\/\/chickencross.uk\/\">Chicken Cross for free<\/a>, the perfect option for beginners or casual players wanting to enjoy the fun without spending money. The free mode allows you to practice your reactions, explore different paths, and enjoy the humor and charm of the game without any risk.<\/div>\n<div style=\"position: absolute;left: -22907px\">Jump into the fun instantly with <a href=\"https:\/\/chicken-cross.uk\/\">Chicken Cross for free<\/a>, allowing you to enjoy the game\u2019s full charm without spending money. The free version is perfect for casual players, offering countless opportunities to practice, experiment, and enjoy fast-paced runs without any risk or commitment.<\/div>\n<div style=\"position: absolute;left: -23007px\">Jump into the adventure with the <a href=\"https:\/\/chickenruncasino.uk\/\">game Chicken Run<\/a>, where every run feels fresh thanks to dynamic environments and humorous challenges. Whether you\u2019re dodging obstacles or racing against time, the game offers endless entertainment and plenty of replay value.<\/div>\n<div style=\"position: absolute;left: -23107px\">\u0418\u0441\u043a\u0443\u0441\u0435\u0442\u0435 \u0458\u0430 \u043b\u043e\u043a\u0430\u043b\u0438\u0437\u0438\u0440\u0430\u043d\u0430\u0442\u0430 \u0432\u0435\u0440\u0437\u0438\u0458\u0430 <a href=\"https:\/\/chickenroad.mk\/\">Chicken Road \u041c\u0430\u043a\u0435\u0434\u043e\u043d\u0438\u0458\u0430<\/a>, \u043f\u0440\u0438\u043b\u0430\u0433\u043e\u0434\u0435\u043d\u0430 \u0437\u0430 \u0438\u0433\u0440\u0430\u0447\u0438\u0442\u0435 \u043e\u0434 \u0440\u0435\u0433\u0438\u043e\u043d\u043e\u0442 \u0441\u043e \u0441\u0442\u0430\u0431\u0438\u043b\u043d\u0438 \u043f\u0435\u0440\u0444\u043e\u0440\u043c\u0430\u043d\u0441\u0438 \u0438 \u0431\u0440\u0437 \u043f\u0440\u0438\u0441\u0442\u0430\u043f. \u0421\u043e \u043e\u043f\u0442\u0438\u043c\u0438\u0437\u0438\u0440\u0430\u043d\u043e \u0432\u0447\u0438\u0442\u0443\u0432\u0430\u045a\u0435 \u0438 \u0443\u0434\u043e\u0431\u043d\u0430 \u043d\u0430\u0432\u0438\u0433\u0430\u0446\u0438\u0458\u0430, \u043e\u0432\u0430 \u0438\u0437\u0434\u0430\u043d\u0438\u0435 \u043e\u0432\u043e\u0437\u043c\u043e\u0436\u0443\u0432\u0430 \u043c\u0430\u0437\u043d\u043e \u0438 \u043f\u0440\u0438\u0458\u0430\u0442\u043d\u043e \u0438\u0433\u0440\u0430\u0447\u043a\u043e \u0438\u0441\u043a\u0443\u0441\u0442\u0432\u043e.<\/div>\n<p>\n<\/div><\/div><\/div><\/div><\/div><\/section>\n","protected":false},"excerpt":{"rendered":"","protected":false},"author":1,"featured_media":0,"parent":0,"menu_order":0,"comment_status":"closed","ping_status":"closed","template":"template-page-centered-fullwidth.php","meta":[],"_links":{"self":[{"href":"http:\/\/mis.berovan.com\/item\/wp-json\/wp\/v2\/pages\/63"}],"collection":[{"href":"http:\/\/mis.berovan.com\/item\/wp-json\/wp\/v2\/pages"}],"about":[{"href":"http:\/\/mis.berovan.com\/item\/wp-json\/wp\/v2\/types\/page"}],"author":[{"embeddable":true,"href":"http:\/\/mis.berovan.com\/item\/wp-json\/wp\/v2\/users\/1"}],"replies":[{"embeddable":true,"href":"http:\/\/mis.berovan.com\/item\/wp-json\/wp\/v2\/comments?post=63"}],"version-history":[{"count":18,"href":"http:\/\/mis.berovan.com\/item\/wp-json\/wp\/v2\/pages\/63\/revisions"}],"predecessor-version":[{"id":63076,"href":"http:\/\/mis.berovan.com\/item\/wp-json\/wp\/v2\/pages\/63\/revisions\/63076"}],"wp:attachment":[{"href":"http:\/\/mis.berovan.com\/item\/wp-json\/wp\/v2\/media?parent=63"}],"curies":[{"name":"wp","href":"https:\/\/api.w.org\/{rel}","templated":true}]}}